{"id":2,"date":"2019-03-29T12:27:09","date_gmt":"2019-03-29T11:27:09","guid":{"rendered":"http:\/\/digihum.de\/professoren\/?page_id=2"},"modified":"2019-04-01T23:10:47","modified_gmt":"2019-04-01T21:10:47","slug":"about","status":"publish","type":"page","link":"https:\/\/digihum.de\/professoren\/","title":{"rendered":"About"},"content":{"rendered":"\r\n<p>Die Webseite bietet die digitalisierte Version des <a href=\"https:\/\/dibiki.ub.uni-kiel.de\/viewer\/image\/PPN734640005\/7\/LOG_0003\/\" target=\"_blank\" rel=\"noopener noreferrer\">gedruckten Professorenkatalogs<\/a>, der f\u00fcr die Pr\u00e4sentation \u00fcber eine Datenbank aufbereitet wurde. Das Digitalisat, das von der UB Kiel zur Verf\u00fcgung gestellt wurde, ist weder korrigiert noch auf Vollst\u00e4ndigkeit gepr\u00fcft worden. Einige Abschnitte am Ende wurden weggelassen, da sie f\u00fcr das Projekt des Professorenkatalogs irrelevant sind. Die Personenaufnahme erfolgte bis zu Hans Vogt, S. 201 (Ende a.p. Professoren der Phil. Fak.) des Volbehr\/Weyl und umfasst zur Zeit 1706 Personeneintr\u00e4ge, von denen aber \u00fcber ein drittel Verweise sind. Die Personen wurden nach der im Druckwerk vorgenommenen Aufteilung in die Datenbank \u00fcbernommen. Diese ist in drei Hauptfelder gegliedert: Name mit kurzem Lebenslauf und akademischen Stationen, Jahreszahlen der T\u00e4tigkeit an der CAU sowie Literaturhinweise. Weitere Informationen wie Namen und Vornamen wurde daraus extrahiert. Dies kann ggf. auch f\u00fcr Geburts- und Sterbedaten, respektive Orte ausgef\u00fchrt werden. Der Datenbestand wird mit der PND der Wikipedia automatisch abgeglichen, wobei sich ca. 450 \u00dcbereinstimmungen ergaben. Links zur DNB und BSB sowie ein automatischer, ungepr\u00fcfter Link zur Wikipedia wurden ebenfalls bereit gestellt. Bearbeitungsstand 20.02.10.<\/p>\r\n\r\n\r\n\r\n<blockquote class=\"wp-block-quote is-layout-flow wp-block-quote-is-layout-flow\"><a href=\"http:\/\/digihum.de\/professoren\/professor\/?ID=1468&amp;Name=Dahlmann&amp;Vorname=Friedrich Christoph\"><img loading=\"lazy\" decoding=\"async\" src=\"https:\/\/digihum.de\/katalog\/pics\/dahlmann.jpg\" alt=\"\" width=\"180\" height=\"219\" border=\"0\" \/><\/a> <a href=\"http:\/\/digihum.de\/professoren\/professor\/?ID=1198&amp;Name=Waitz&amp;Vorname=Georg\"><img loading=\"lazy\" decoding=\"async\" src=\"https:\/\/digihum.de\/katalog\/pics\/waitz.jpg\" alt=\"\" width=\"150\" height=\"219\" border=\"0\" \/><\/a> <a href=\"http:\/\/digihum.de\/professoren\/professor\/?ID=1197&amp;Name=Droysen&amp;Vorname=Gustav\"><img loading=\"lazy\" decoding=\"async\" src=\"https:\/\/digihum.de\/katalog\/pics\/droysen.jpg\" alt=\"\" width=\"180\" height=\"219\" border=\"0\" \/><\/a> <a href=\"http:\/\/digihum.de\/professoren\/professor\/?ID=283&amp;Name=Kantorowicz&amp;Vorname=Hermann\"><img loading=\"lazy\" decoding=\"async\" src=\"https:\/\/digihum.de\/katalog\/pics\/kantorowicz.jpg\" alt=\"\" width=\"150\" height=\"219\" border=\"0\" \/><\/a><\/blockquote>\r\n<p>&nbsp;<\/p>\r\n\r\n<p>&nbsp;<\/p>","protected":false},"excerpt":{"rendered":"<p>Die Webseite bietet die digitalisierte Version des gedruckten Professorenkatalogs, der f\u00fcr die Pr\u00e4sentation \u00fcber eine Datenbank aufbereitet wurde. Das Digitalisat, das von der UB Kiel zur Verf\u00fcgung gestellt wurde, ist weder korrigiert noch auf Vollst\u00e4ndigkeit gepr\u00fcft worden. Einige Abschnitte am Ende wurden weggelassen, da sie f\u00fcr das Projekt des Professorenkatalogs irrelevant sind. Die Personenaufnahme erfolgte &hellip; <\/p>\n<p class=\"link-more\"><a href=\"https:\/\/digihum.de\/professoren\/\" class=\"more-link\"><span class=\"screen-reader-text\">\u201eAbout\u201c <\/span>weiterlesen<\/a><\/p>\n","protected":false},"author":1,"featured_media":0,"parent":0,"menu_order":0,"comment_status":"closed","ping_status":"open","template":"","meta":{"footnotes":""},"class_list":["post-2","page","type-page","status-publish","hentry"],"_links":{"self":[{"href":"https:\/\/digihum.de\/professoren\/wp-json\/wp\/v2\/pages\/2","targetHints":{"allow":["GET"]}}],"collection":[{"href":"https:\/\/digihum.de\/professoren\/wp-json\/wp\/v2\/pages"}],"about":[{"href":"https:\/\/digihum.de\/professoren\/wp-json\/wp\/v2\/types\/page"}],"author":[{"embeddable":true,"href":"https:\/\/digihum.de\/professoren\/wp-json\/wp\/v2\/users\/1"}],"replies":[{"embeddable":true,"href":"https:\/\/digihum.de\/professoren\/wp-json\/wp\/v2\/comments?post=2"}],"version-history":[{"count":13,"href":"https:\/\/digihum.de\/professoren\/wp-json\/wp\/v2\/pages\/2\/revisions"}],"predecessor-version":[{"id":48,"href":"https:\/\/digihum.de\/professoren\/wp-json\/wp\/v2\/pages\/2\/revisions\/48"}],"wp:attachment":[{"href":"https:\/\/digihum.de\/professoren\/wp-json\/wp\/v2\/media?parent=2"}],"curies":[{"name":"wp","href":"https:\/\/api.w.org\/{rel}","templated":true}]}}